{"id":579,"date":"2019-05-30T07:27:00","date_gmt":"2019-05-30T07:27:00","guid":{"rendered":"http:\/\/smgs.ca\/our-team\/"},"modified":"2024-02-16T08:14:41","modified_gmt":"2024-02-16T13:14:41","slug":"notre-equipe","status":"publish","type":"page","link":"https:\/\/smgs.ca\/fr\/notre-equipe\/","title":{"rendered":"Notre \u00e9quipe"},"content":{"rendered":"<h1>\u00c0 propos de nous<\/h1>\n<p>Fond\u00e9 en 1975 par un regroupement d\u2019avocats d\u2019exp\u00e9riences, Sternthal Montigny Greenberg St-Germain s.e.n.c.r.l. a depuis su se b\u00e2tir une r\u00e9putation envieuse gr\u00e2ce \u00e0 une \u00e9quipe chevronn\u00e9e et hautement qualifi\u00e9e. SMGS se d\u00e9marque \u00e0 titre de cabinet boutique d\u2019affaire de premier plan en offrant \u00e0 sa client\u00e8le diversifi\u00e9e un haut niveau d\u2019expertise renforc\u00e9 par un service de proximit\u00e9.<\/p>\n<p>Chez SMGS, la qualit\u00e9 du service rendu provient non seulement de l\u2019exp\u00e9rience d\u2019un seul avocat mais aussi de celle d\u2019une \u00e9quipe diversifi\u00e9e. Que ce soit dans le domaine commercial ou pour un probl\u00e8me de litige, nos clients peuvent compter sur l\u2019exp\u00e9rience de notre \u00e9quipe qui se consulte r\u00e9guli\u00e8rement dans leurs domaines d\u2019expertise respectifs.<\/p>\n<p>Nous privil\u00e9gions une collaboration \u00e9troite avec nos clients afin de pr\u00e9voir et d\u2019\u00e9viter tout ennuis juridiques. Ces derniers appr\u00e9cient notre souci du d\u00e9tail et l\u2019efficacit\u00e9 de notre approche personnalis\u00e9e.<\/p>\n<p>En travaillant \u00e9troitement avec nos clients, nous apprenons \u00e0 conna\u00eetre ceux-ci, leurs affaires et leurs priorit\u00e9s. Notre but est de faciliter la planification et l&rsquo;organisation de leurs affaires, tant commerciales que personnelles, pour \u00e9viter les difficult\u00e9s futures et saisir les occasions qui se pr\u00e9sentent.<\/p>\n<p>Lorsque nous sommes consult\u00e9s sur une question particuli\u00e8re, nous cernons les probl\u00e8mes r\u00e9els, recueillons toute l&rsquo;information pertinente, recherchons les lois et la jurisprudence applicables et, en dernier lieu, \u00e9laborons des strat\u00e9gies l\u00e9gales et pratiques pour r\u00e9pondre aux questions de fa\u00e7on efficace.<\/p>\n","protected":false},"excerpt":{"rendered":"<h1>\u00c0 propos de nous<\/h1>\n<p>Fond\u00e9 en 1975 par un regroupement d\u2019avocats d\u2019exp\u00e9riences, Sternthal Montigny Greenberg St-Germain s.e.n.c\u2026<\/p>\n","protected":false},"author":1,"featured_media":931,"parent":0,"menu_order":0,"comment_status":"closed","ping_status":"closed","template":"our-team.php","meta":{"_acf_changed":false,"footnotes":""},"class_list":["post-579","page","type-page","status-publish","has-post-thumbnail","hentry"],"acf":[],"yoast_head":"<!-- This site is optimized with the Yoast SEO plugin v19.6.1 - https:\/\/yoast.com\/wordpress\/plugins\/seo\/ -->\n<title>\u00c0 propos de nous | SMGS<\/title>\n<meta name=\"description\" content=\"Forte de plus de 45 ans d\u2019exp\u00e9rience, l\u2019\u00e9quipe de SMGS saura r\u00e9pondre \u00e0 vos besoins, en lien avec votre entreprise ou vos affaires personnelles.\" \/>\n<meta name=\"robots\" content=\"index, follow, max-snippet:-1, max-image-preview:large, max-video-preview:-1\" \/>\n<link rel=\"canonical\" href=\"https:\/\/smgs.ca\/fr\/notre-equipe\/\" \/>\n<meta property=\"og:locale\" content=\"fr_FR\" \/>\n<meta property=\"og:type\" content=\"article\" \/>\n<meta property=\"og:title\" content=\"\u00c0 propos de nous | SMGS\" \/>\n<meta property=\"og:description\" content=\"Forte de plus de 45 ans d\u2019exp\u00e9rience, l\u2019\u00e9quipe de SMGS saura r\u00e9pondre \u00e0 vos besoins, en lien avec votre entreprise ou vos affaires personnelles.\" \/>\n<meta property=\"og:url\" content=\"https:\/\/smgs.ca\/fr\/notre-equipe\/\" \/>\n<meta property=\"og:site_name\" content=\"SMGS\" \/>\n<meta property=\"article:modified_time\" content=\"2024-02-16T13:14:41+00:00\" \/>\n<meta property=\"og:image\" content=\"https:\/\/smgs.ca\/wp-content\/uploads\/2019\/09\/Logo_1-e1569968703148.jpg\" \/>\n\t<meta property=\"og:image:width\" content=\"3000\" \/>\n\t<meta property=\"og:image:height\" content=\"1927\" \/>\n\t<meta property=\"og:image:type\" content=\"image\/jpeg\" \/>\n<meta name=\"twitter:card\" content=\"summary_large_image\" \/>\n<meta name=\"twitter:label1\" content=\"Dur\u00e9e de lecture estim\u00e9e\" \/>\n\t<meta name=\"twitter:data1\" content=\"1 minute\" \/>\n<script type=\"application\/ld+json\" class=\"yoast-schema-graph\">{\"@context\":\"https:\/\/schema.org\",\"@graph\":[{\"@type\":\"WebPage\",\"@id\":\"https:\/\/smgs.ca\/fr\/notre-equipe\/\",\"url\":\"https:\/\/smgs.ca\/fr\/notre-equipe\/\",\"name\":\"\u00c0 propos de nous | SMGS\",\"isPartOf\":{\"@id\":\"https:\/\/smgs.ca\/fr\/#website\"},\"datePublished\":\"2019-05-30T07:27:00+00:00\",\"dateModified\":\"2024-02-16T13:14:41+00:00\",\"description\":\"Forte de plus de 45 ans d\u2019exp\u00e9rience, l\u2019\u00e9quipe de SMGS saura r\u00e9pondre \u00e0 vos besoins, en lien avec votre entreprise ou vos affaires personnelles.\",\"breadcrumb\":{\"@id\":\"https:\/\/smgs.ca\/fr\/notre-equipe\/#breadcrumb\"},\"inLanguage\":\"fr-FR\",\"potentialAction\":[{\"@type\":\"ReadAction\",\"target\":[\"https:\/\/smgs.ca\/fr\/notre-equipe\/\"]}]},{\"@type\":\"BreadcrumbList\",\"@id\":\"https:\/\/smgs.ca\/fr\/notre-equipe\/#breadcrumb\",\"itemListElement\":[{\"@type\":\"ListItem\",\"position\":1,\"name\":\"Home\",\"item\":\"https:\/\/smgs.ca\/fr\/\"},{\"@type\":\"ListItem\",\"position\":2,\"name\":\"Notre \u00e9quipe\"}]},{\"@type\":\"WebSite\",\"@id\":\"https:\/\/smgs.ca\/fr\/#website\",\"url\":\"https:\/\/smgs.ca\/fr\/\",\"name\":\"SMGS\",\"description\":\"\",\"publisher\":{\"@id\":\"https:\/\/smgs.ca\/fr\/#organization\"},\"potentialAction\":[{\"@type\":\"SearchAction\",\"target\":{\"@type\":\"EntryPoint\",\"urlTemplate\":\"https:\/\/smgs.ca\/fr\/?s={search_term_string}\"},\"query-input\":\"required name=search_term_string\"}],\"inLanguage\":\"fr-FR\"},{\"@type\":\"Organization\",\"@id\":\"https:\/\/smgs.ca\/fr\/#organization\",\"name\":\"SMGS\",\"url\":\"https:\/\/smgs.ca\/fr\/\",\"sameAs\":[],\"logo\":{\"@type\":\"ImageObject\",\"inLanguage\":\"fr-FR\",\"@id\":\"https:\/\/smgs.ca\/fr\/#\/schema\/logo\/image\/\",\"url\":\"https:\/\/smgs.ca\/wp-content\/uploads\/2019\/05\/logo-header.png\",\"contentUrl\":\"https:\/\/smgs.ca\/wp-content\/uploads\/2019\/05\/logo-header.png\",\"width\":333,\"height\":363,\"caption\":\"SMGS\"},\"image\":{\"@id\":\"https:\/\/smgs.ca\/fr\/#\/schema\/logo\/image\/\"}}]}<\/script>\n<!-- \/ Yoast SEO plugin. -->","yoast_head_json":{"title":"\u00c0 propos de nous | SMGS","description":"Forte de plus de 45 ans d\u2019exp\u00e9rience, l\u2019\u00e9quipe de SMGS saura r\u00e9pondre \u00e0 vos besoins, en lien avec votre entreprise ou vos affaires personnelles.","robots":{"index":"index","follow":"follow","max-snippet":"max-snippet:-1","max-image-preview":"max-image-preview:large","max-video-preview":"max-video-preview:-1"},"canonical":"https:\/\/smgs.ca\/fr\/notre-equipe\/","og_locale":"fr_FR","og_type":"article","og_title":"\u00c0 propos de nous | SMGS","og_description":"Forte de plus de 45 ans d\u2019exp\u00e9rience, l\u2019\u00e9quipe de SMGS saura r\u00e9pondre \u00e0 vos besoins, en lien avec votre entreprise ou vos affaires personnelles.","og_url":"https:\/\/smgs.ca\/fr\/notre-equipe\/","og_site_name":"SMGS","article_modified_time":"2024-02-16T13:14:41+00:00","og_image":[{"width":3000,"height":1927,"url":"https:\/\/smgs.ca\/wp-content\/uploads\/2019\/09\/Logo_1-e1569968703148.jpg","type":"image\/jpeg"}],"twitter_card":"summary_large_image","twitter_misc":{"Dur\u00e9e de lecture estim\u00e9e":"1 minute"},"schema":{"@context":"https:\/\/schema.org","@graph":[{"@type":"WebPage","@id":"https:\/\/smgs.ca\/fr\/notre-equipe\/","url":"https:\/\/smgs.ca\/fr\/notre-equipe\/","name":"\u00c0 propos de nous | SMGS","isPartOf":{"@id":"https:\/\/smgs.ca\/fr\/#website"},"datePublished":"2019-05-30T07:27:00+00:00","dateModified":"2024-02-16T13:14:41+00:00","description":"Forte de plus de 45 ans d\u2019exp\u00e9rience, l\u2019\u00e9quipe de SMGS saura r\u00e9pondre \u00e0 vos besoins, en lien avec votre entreprise ou vos affaires personnelles.","breadcrumb":{"@id":"https:\/\/smgs.ca\/fr\/notre-equipe\/#breadcrumb"},"inLanguage":"fr-FR","potentialAction":[{"@type":"ReadAction","target":["https:\/\/smgs.ca\/fr\/notre-equipe\/"]}]},{"@type":"BreadcrumbList","@id":"https:\/\/smgs.ca\/fr\/notre-equipe\/#breadcrumb","itemListElement":[{"@type":"ListItem","position":1,"name":"Home","item":"https:\/\/smgs.ca\/fr\/"},{"@type":"ListItem","position":2,"name":"Notre \u00e9quipe"}]},{"@type":"WebSite","@id":"https:\/\/smgs.ca\/fr\/#website","url":"https:\/\/smgs.ca\/fr\/","name":"SMGS","description":"","publisher":{"@id":"https:\/\/smgs.ca\/fr\/#organization"},"potentialAction":[{"@type":"SearchAction","target":{"@type":"EntryPoint","urlTemplate":"https:\/\/smgs.ca\/fr\/?s={search_term_string}"},"query-input":"required name=search_term_string"}],"inLanguage":"fr-FR"},{"@type":"Organization","@id":"https:\/\/smgs.ca\/fr\/#organization","name":"SMGS","url":"https:\/\/smgs.ca\/fr\/","sameAs":[],"logo":{"@type":"ImageObject","inLanguage":"fr-FR","@id":"https:\/\/smgs.ca\/fr\/#\/schema\/logo\/image\/","url":"https:\/\/smgs.ca\/wp-content\/uploads\/2019\/05\/logo-header.png","contentUrl":"https:\/\/smgs.ca\/wp-content\/uploads\/2019\/05\/logo-header.png","width":333,"height":363,"caption":"SMGS"},"image":{"@id":"https:\/\/smgs.ca\/fr\/#\/schema\/logo\/image\/"}}]}},"_links":{"self":[{"href":"https:\/\/smgs.ca\/fr\/wp-json\/wp\/v2\/pages\/579","targetHints":{"allow":["GET"]}}],"collection":[{"href":"https:\/\/smgs.ca\/fr\/wp-json\/wp\/v2\/pages"}],"about":[{"href":"https:\/\/smgs.ca\/fr\/wp-json\/wp\/v2\/types\/page"}],"author":[{"embeddable":true,"href":"https:\/\/smgs.ca\/fr\/wp-json\/wp\/v2\/users\/1"}],"replies":[{"embeddable":true,"href":"https:\/\/smgs.ca\/fr\/wp-json\/wp\/v2\/comments?post=579"}],"version-history":[{"count":0,"href":"https:\/\/smgs.ca\/fr\/wp-json\/wp\/v2\/pages\/579\/revisions"}],"wp:featuredmedia":[{"embeddable":true,"href":"https:\/\/smgs.ca\/fr\/wp-json\/wp\/v2\/media\/931"}],"wp:attachment":[{"href":"https:\/\/smgs.ca\/fr\/wp-json\/wp\/v2\/media?parent=579"}],"curies":[{"name":"wp","href":"https:\/\/api.w.org\/{rel}","templated":true}]}}