{"id":582,"date":"2019-06-05T05:17:29","date_gmt":"2019-06-05T05:17:29","guid":{"rendered":"http:\/\/smgs.ca\/terms-conditions\/"},"modified":"2019-09-16T14:41:49","modified_gmt":"2019-09-16T14:41:49","slug":"conditions-generales","status":"publish","type":"page","link":"https:\/\/smgs.ca\/fr\/conditions-generales\/","title":{"rendered":"Conditions g\u00e9n\u00e9rales"},"content":{"rendered":"<h2>Conditions g\u00e9n\u00e9rales d&rsquo;utilisation du site Web de Sternthal Montigny Greenberg St-Germain s.e.n.c.r.l.<\/h2>\n<h3>1. ACCEPTATION DES CONDITIONS D&rsquo;UTILISATION<\/h3>\n<p>Bienvenue sur le site Web de Sternthal Montigny Greenberg St-Germain s.e.nc.r.l. (\u00ab\u00a0SMGS\u00a0\u00bb). Nous vous remercions de prendre le temps de lire au pr\u00e9alable lesdites conditions d&rsquo;utilisation de notre site Web. Pour chaque utilisation du site Web de SMGS, vous acceptez et vous vous engagez \u00e0 respecter les conditions g\u00e9n\u00e9rales d&rsquo;utilisation suivantes.<\/p>\n<h3>2. ABSENCE DE LIEN CLIENT-AVOCAT<\/h3>\n<p>Aucun lien client-avocat, de consultation ou fiduciaire n&rsquo;est cr\u00e9\u00e9 par la pr\u00e9sente convention ou votre utilisation du site Web de SMGS ou encore vos \u00e9changes avec un professionnel par courrier \u00e9lectronique ou par l&rsquo;interm\u00e9diaire de notre site Web.<\/p>\n<h3>3. ABSENCE D&rsquo;AVIS PROFESSIONNEL<\/h3>\n<p>Tous les renseignements fournis sur le site Web de SMGS sont de nature informative seulement et ne constituent en aucun cas un avis professionnel. Le site Web de SMGS n&rsquo;est pas un outil permettant de demander un avis juridique ou de transmettre \u00e0 SMGS des renseignements confidentiels.<\/p>\n<p>Les informations transmises \u00e0 SMGS par le site Web ne sont pas s\u00e9curis\u00e9es, ne peuvent \u00eatre trait\u00e9es en toute confidentialit\u00e9 et ne sont pas prot\u00e9g\u00e9es par le privil\u00e8ge client-avocat; cette transmission ne cr\u00e9e en aucun cas une relation ou obligation de quelque nature que ce soit. Vous ne devriez pas envoyer des renseignements confidentiels par l&rsquo;Internet ou par courrier \u00e9lectronique \u00e0 moins que vous n&rsquo;ayez pris au pr\u00e9alable toutes les pr\u00e9cautions n\u00e9cessaires.<\/p>\n<h3>4. AVIS DE NON-RESPONSABILIT\u00c9<\/h3>\n<p>SMGS n&rsquo;accepte aucune responsabilit\u00e9 r\u00e9sultant de votre utilisation du site Web. Votre utilisation de notre site Web se fait \u00e0 vos propres risques. Le site Web de SMGS est fourni \u00a0\u00bb COMME TEL \u00a0\u00bb sans d\u00e9claration, garantie ou condition quelle qu&rsquo;elle soit.<\/p>\n<p>Le site Web de SMGS est susceptible de faire \u00e9tat de certaines inexactitudes ou d&rsquo;erreurs typographiques. En aucun cas, SMGS ne peut \u00eatre responsable d&rsquo;un quelconque dommage, y compris les dommages sp\u00e9ciaux ou indirects, survenant ou en relation avec l&rsquo;utilisation ou la circulation des informations disponibles sur notre site Web.<\/p>\n<h3>5. LIENS AVEC LES AUTRES SITES WEB<\/h3>\n<p>Le site Web de SMGS est susceptible de contenir des liens vers d&rsquo;autres sites Web qui peuvent \u00eatre amen\u00e9s \u00e0 conserver vos informations personnelles (Merci de bien vouloir consulter notre politique de confidentialit\u00e9).<\/p>\n<h3>6. UTILISATIONS AUTORIS\u00c9ES<\/h3>\n<p>SMGS vous propose une autorisation limit\u00e9e d&rsquo;utilisation afin de visualiser sur votre \u00e9cran, imprimer, t\u00e9l\u00e9charger et utiliser la version HTML, texte ou tout autre contenu disponible, et ce \u00e0 des fins commerciales, personnelles ou informatives seulement, \u00e0 condition de :<\/p>\n<p>A) ne jamais modifier l&rsquo;un desdits contenus; et<\/p>\n<p>B) d&rsquo;ajouter et de visualiser sur chaque copie extraite desdits contenus la mention relative au copyright et ladite autorisation limit\u00e9e.<\/p>\n<p><u>Avis l\u00e9gal :<\/u><\/p>\n<p>Copyright \u00a9 2019 Sternthal Montigny Greenberg St-Germain s.e.n.c.r.l. Tous droits r\u00e9serv\u00e9s. Aucune autre utilisation n&rsquo;est autoris\u00e9e.<\/p>\n<p>Vous ne devez pas :<\/p>\n<p>A) faire une utilisation commerciale de l&rsquo;un desdits contenus;<\/p>\n<p>B) ajouter un desdits contenus seul ou avec l&rsquo;un des produits que vous auriez cr\u00e9\u00e9 ou distribu\u00e9; ou<\/p>\n<p>C) copier lesdits contenus sur votre propre site ou d&rsquo;autres sites Web.<\/p>\n<p>Malgr\u00e9 les restrictions ci-dessus, aucune information r\u00e9sultant de cette autorisation n&rsquo;est susceptible de conf\u00e9rer un quelconque droit sous l&rsquo;un des droits d\u2019auteurs de SMGS ou de toute autre personne qui serait propri\u00e9taire du copyright aff\u00e9rent \u00e0 notre site Web.<\/p>\n<h3>7. MARQUE DE COMMERCE<\/h3>\n<p>Sternthal Montigny Greenberg St-Germain s.e.n.c.r.l. est une soci\u00e9t\u00e9 d&rsquo;avocats en nom collectif \u00e0 responsabilit\u00e9 limit\u00e9e. Le logo SMGS est une marque de commerce dont SMGS est propri\u00e9taire.<\/p>\n<p>La visualisation \u00e0 l&rsquo;\u00e9cran de l&rsquo;une des marques de commerce ou nom sur ce site Web n&rsquo;est en aucun cas cr\u00e9atrice de droits sur ces marques ou noms.<\/p>\n<p>Toute utilisation non autoris\u00e9e de celles-ci est strictement prohib\u00e9e.<\/p>\n<h3>8. MODIFICATION DES CONDITIONS D&rsquo;UTILISATION<\/h3>\n<p>SMGS se r\u00e9serve le droit de changer les conditions d&rsquo;utilisation du site Web \u00e0 tout moment et moyennant un pr\u00e9avis.<\/p>\n<p>Vous serez automatiquement soumis \u00e0 ces changements d\u00e8s que vous utiliserez le site Web, et nous vous conseillons de lire r\u00e9guli\u00e8rement lesdites conditions d&rsquo;utilisation.<\/p>\n","protected":false},"excerpt":{"rendered":"<h2>Conditions g\u00e9n\u00e9rales d&rsquo;utilisation du site Web de Sternthal Montigny Greenberg St-Germain s.e.n.c.r.l.<\/h2>\n<h3>1. ACCEPTATION DES CO\u2026<\/p>\n","protected":false},"author":1,"featured_media":0,"parent":0,"menu_order":0,"comment_status":"closed","ping_status":"closed","template":"","meta":{"_acf_changed":false,"footnotes":""},"class_list":["post-582","page","type-page","status-publish","hentry"],"acf":[],"yoast_head":"<!-- This site is optimized with the Yoast SEO plugin v19.6.1 - https:\/\/yoast.com\/wordpress\/plugins\/seo\/ -->\n<title>Conditions g\u00e9n\u00e9rales - SMGS<\/title>\n<meta name=\"robots\" content=\"index, follow, max-snippet:-1, max-image-preview:large, max-video-preview:-1\" \/>\n<link rel=\"canonical\" href=\"https:\/\/smgs.ca\/fr\/conditions-generales\/\" \/>\n<meta property=\"og:locale\" content=\"fr_FR\" \/>\n<meta property=\"og:type\" content=\"article\" \/>\n<meta property=\"og:title\" content=\"Conditions g\u00e9n\u00e9rales - SMGS\" \/>\n<meta property=\"og:description\" content=\"Conditions g\u00e9n\u00e9rales d&#039;utilisation du site Web de Sternthal Montigny Greenberg St-Germain s.e.n.c.r.l. 1. ACCEPTATION DES CO\u2026\" \/>\n<meta property=\"og:url\" content=\"https:\/\/smgs.ca\/fr\/conditions-generales\/\" \/>\n<meta property=\"og:site_name\" content=\"SMGS\" \/>\n<meta property=\"article:modified_time\" content=\"2019-09-16T14:41:49+00:00\" \/>\n<meta name=\"twitter:card\" content=\"summary_large_image\" \/>\n<meta name=\"twitter:label1\" content=\"Dur\u00e9e de lecture estim\u00e9e\" \/>\n\t<meta name=\"twitter:data1\" content=\"3 minutes\" \/>\n<script type=\"application\/ld+json\" class=\"yoast-schema-graph\">{\"@context\":\"https:\/\/schema.org\",\"@graph\":[{\"@type\":\"WebPage\",\"@id\":\"https:\/\/smgs.ca\/fr\/conditions-generales\/\",\"url\":\"https:\/\/smgs.ca\/fr\/conditions-generales\/\",\"name\":\"Conditions g\u00e9n\u00e9rales - SMGS\",\"isPartOf\":{\"@id\":\"https:\/\/smgs.ca\/fr\/#website\"},\"datePublished\":\"2019-06-05T05:17:29+00:00\",\"dateModified\":\"2019-09-16T14:41:49+00:00\",\"breadcrumb\":{\"@id\":\"https:\/\/smgs.ca\/fr\/conditions-generales\/#breadcrumb\"},\"inLanguage\":\"fr-FR\",\"potentialAction\":[{\"@type\":\"ReadAction\",\"target\":[\"https:\/\/smgs.ca\/fr\/conditions-generales\/\"]}]},{\"@type\":\"BreadcrumbList\",\"@id\":\"https:\/\/smgs.ca\/fr\/conditions-generales\/#breadcrumb\",\"itemListElement\":[{\"@type\":\"ListItem\",\"position\":1,\"name\":\"Home\",\"item\":\"https:\/\/smgs.ca\/fr\/\"},{\"@type\":\"ListItem\",\"position\":2,\"name\":\"Conditions g\u00e9n\u00e9rales\"}]},{\"@type\":\"WebSite\",\"@id\":\"https:\/\/smgs.ca\/fr\/#website\",\"url\":\"https:\/\/smgs.ca\/fr\/\",\"name\":\"SMGS\",\"description\":\"\",\"publisher\":{\"@id\":\"https:\/\/smgs.ca\/fr\/#organization\"},\"potentialAction\":[{\"@type\":\"SearchAction\",\"target\":{\"@type\":\"EntryPoint\",\"urlTemplate\":\"https:\/\/smgs.ca\/fr\/?s={search_term_string}\"},\"query-input\":\"required name=search_term_string\"}],\"inLanguage\":\"fr-FR\"},{\"@type\":\"Organization\",\"@id\":\"https:\/\/smgs.ca\/fr\/#organization\",\"name\":\"SMGS\",\"url\":\"https:\/\/smgs.ca\/fr\/\",\"sameAs\":[],\"logo\":{\"@type\":\"ImageObject\",\"inLanguage\":\"fr-FR\",\"@id\":\"https:\/\/smgs.ca\/fr\/#\/schema\/logo\/image\/\",\"url\":\"https:\/\/smgs.ca\/wp-content\/uploads\/2019\/05\/logo-header.png\",\"contentUrl\":\"https:\/\/smgs.ca\/wp-content\/uploads\/2019\/05\/logo-header.png\",\"width\":333,\"height\":363,\"caption\":\"SMGS\"},\"image\":{\"@id\":\"https:\/\/smgs.ca\/fr\/#\/schema\/logo\/image\/\"}}]}<\/script>\n<!-- \/ Yoast SEO plugin. -->","yoast_head_json":{"title":"Conditions g\u00e9n\u00e9rales - SMGS","robots":{"index":"index","follow":"follow","max-snippet":"max-snippet:-1","max-image-preview":"max-image-preview:large","max-video-preview":"max-video-preview:-1"},"canonical":"https:\/\/smgs.ca\/fr\/conditions-generales\/","og_locale":"fr_FR","og_type":"article","og_title":"Conditions g\u00e9n\u00e9rales - SMGS","og_description":"Conditions g\u00e9n\u00e9rales d'utilisation du site Web de Sternthal Montigny Greenberg St-Germain s.e.n.c.r.l. 1. ACCEPTATION DES CO\u2026","og_url":"https:\/\/smgs.ca\/fr\/conditions-generales\/","og_site_name":"SMGS","article_modified_time":"2019-09-16T14:41:49+00:00","twitter_card":"summary_large_image","twitter_misc":{"Dur\u00e9e de lecture estim\u00e9e":"3 minutes"},"schema":{"@context":"https:\/\/schema.org","@graph":[{"@type":"WebPage","@id":"https:\/\/smgs.ca\/fr\/conditions-generales\/","url":"https:\/\/smgs.ca\/fr\/conditions-generales\/","name":"Conditions g\u00e9n\u00e9rales - SMGS","isPartOf":{"@id":"https:\/\/smgs.ca\/fr\/#website"},"datePublished":"2019-06-05T05:17:29+00:00","dateModified":"2019-09-16T14:41:49+00:00","breadcrumb":{"@id":"https:\/\/smgs.ca\/fr\/conditions-generales\/#breadcrumb"},"inLanguage":"fr-FR","potentialAction":[{"@type":"ReadAction","target":["https:\/\/smgs.ca\/fr\/conditions-generales\/"]}]},{"@type":"BreadcrumbList","@id":"https:\/\/smgs.ca\/fr\/conditions-generales\/#breadcrumb","itemListElement":[{"@type":"ListItem","position":1,"name":"Home","item":"https:\/\/smgs.ca\/fr\/"},{"@type":"ListItem","position":2,"name":"Conditions g\u00e9n\u00e9rales"}]},{"@type":"WebSite","@id":"https:\/\/smgs.ca\/fr\/#website","url":"https:\/\/smgs.ca\/fr\/","name":"SMGS","description":"","publisher":{"@id":"https:\/\/smgs.ca\/fr\/#organization"},"potentialAction":[{"@type":"SearchAction","target":{"@type":"EntryPoint","urlTemplate":"https:\/\/smgs.ca\/fr\/?s={search_term_string}"},"query-input":"required name=search_term_string"}],"inLanguage":"fr-FR"},{"@type":"Organization","@id":"https:\/\/smgs.ca\/fr\/#organization","name":"SMGS","url":"https:\/\/smgs.ca\/fr\/","sameAs":[],"logo":{"@type":"ImageObject","inLanguage":"fr-FR","@id":"https:\/\/smgs.ca\/fr\/#\/schema\/logo\/image\/","url":"https:\/\/smgs.ca\/wp-content\/uploads\/2019\/05\/logo-header.png","contentUrl":"https:\/\/smgs.ca\/wp-content\/uploads\/2019\/05\/logo-header.png","width":333,"height":363,"caption":"SMGS"},"image":{"@id":"https:\/\/smgs.ca\/fr\/#\/schema\/logo\/image\/"}}]}},"_links":{"self":[{"href":"https:\/\/smgs.ca\/fr\/wp-json\/wp\/v2\/pages\/582","targetHints":{"allow":["GET"]}}],"collection":[{"href":"https:\/\/smgs.ca\/fr\/wp-json\/wp\/v2\/pages"}],"about":[{"href":"https:\/\/smgs.ca\/fr\/wp-json\/wp\/v2\/types\/page"}],"author":[{"embeddable":true,"href":"https:\/\/smgs.ca\/fr\/wp-json\/wp\/v2\/users\/1"}],"replies":[{"embeddable":true,"href":"https:\/\/smgs.ca\/fr\/wp-json\/wp\/v2\/comments?post=582"}],"version-history":[{"count":0,"href":"https:\/\/smgs.ca\/fr\/wp-json\/wp\/v2\/pages\/582\/revisions"}],"wp:attachment":[{"href":"https:\/\/smgs.ca\/fr\/wp-json\/wp\/v2\/media?parent=582"}],"curies":[{"name":"wp","href":"https:\/\/api.w.org\/{rel}","templated":true}]}}